{"id":5932,"date":"2019-05-04T10:27:47","date_gmt":"2019-05-04T10:27:47","guid":{"rendered":"https:\/\/zf-solutions.com\/?page_id=5932"},"modified":"2021-03-19T13:32:55","modified_gmt":"2021-03-19T12:32:55","slug":"sol-hana-plat","status":"publish","type":"page","link":"https:\/\/zf-solutions.com\/index.php\/sol-hana-plat\/","title":{"rendered":"SAP HANA Platform"},"content":{"rendered":"<p>[vc_row full_width=&#187;stretch_row&#187; parallax=&#187;content-moving&#187; parallax_image=&#187;6361&#8243; parallax_speed_bg=&#187;1.4&#8243; bg_type=&#187;image&#187; bg_image_new=&#187;6358&#8243; bg_image_repeat=&#187;no-repeat&#187; bg_image_size=&#187;contain&#187; bg_override=&#187;ex-full&#187; css=&#187;.vc_custom_1558783789452{margin-bottom: 0px !important;padding-top: 120px !important;padding-bottom: 90px !important;}&#187;][vc_column el_class=&#187;center&#187;]<div class=\"boc_spacing \" style=\"height: 50px\"><\/div><h2 class=\"boc_heading  center  text_35_on_mobile  boc_animate_when_almost_visible boc_top-to-bottom inherit_weight\"  style=\"margin-bottom: 4px;color: #ffffff;font-size: 40px;\" ><span>SAP <strong>HANA Platform<\/strong><\/span><\/h2><div class=\"boc_spacing \" style=\"height: 50px\"><\/div>[\/vc_column][\/vc_row][vc_row full_width=&#187;stretch_row&#187; parallax=&#187;content-moving&#187; css=&#187;.vc_custom_1557815829343{margin-bottom: 0px !important;}&#187;][vc_column width=&#187;1\/2&#8243; el_class=&#187;center&#187;]<h2 class=\"boc_heading  center  text_35_on_mobile  boc_animate_when_almost_visible boc_top-to-bottom inherit_weight\"  style=\"margin-bottom: 4px;color: #000000;font-size: 40px;\" ><span>SAP HANA Datenbank Plattform<\/span><\/h2><div class=\"boc_spacing \" style=\"height: 20px\"><\/div>[vc_column_text]<\/p>\n<p style=\"text-align: left;\">Verarbeiten Sie ihre Daten in Echtzeit und seien Sie der Konkurrenz immer einen Schritt voraus &#8211; mit HANA, der neuesten Datenbank Technologie der SAP.<\/p>\n<p style=\"text-align: left;\">Dank der fortschrittlichen und schnellen In-Memory Verarbeitung bietet HANA die ideale Plattform der Zukunft und erm\u00f6glicht Realtime Datenanalysen.<\/p>\n<p style=\"text-align: left;\">Mit den neuen Produkten S\/4HANA, BW\/4HANA und C\/4HANA liefert die SAP die passenden L\u00f6sungskomponenten basierend auf der HANA Datenbank und der Technologiekomponente <a href=\"https:\/\/zf-solutions.com\/index.php\/sol-sap-tech\/\">SAP NetWeaver<\/a>.<\/p>\n<p style=\"text-align: left;\">Wir unterst\u00fctzen Sie bei der Installation von HANA Datenbanken sowie der Migration von SAP Systemen auf HANA und \u00fcbernehmen f\u00fcr Sie auf Wunsch auch gerne den Betrieb Ihrer Systeme.<\/p>\n<p>[\/vc_column_text][\/vc_column][vc_column width=&#187;1\/2&#8243;]<div class=\"boc_spacing \" style=\"height: 75px\"><\/div>[vc_single_image img_size=&#187;boc_medium&#187; alignment=&#187;center&#187; onclick=&#187;zoom&#187; image=&#187;6262&#8243;][\/vc_column][vc_column]<div  class=\"boc_divider  \"  style=\"margin-top: 20px;margin-bottom: 20px;height: 1px;background: #eeeeee;\"><\/div>[\/vc_column][\/vc_row][vc_row full_width=&#187;stretch_row&#187; parallax=&#187;content-moving&#187; css=&#187;.vc_custom_1556814471523{margin-bottom: 0px !important;}&#187;][vc_column width=&#187;1\/2&#8243;]<div class=\"boc_spacing \" style=\"height: 50px\"><\/div>[vc_single_image img_size=&#187;boc_medium&#187; onclick=&#187;zoom&#187; image=&#187;6264&#8243;][\/vc_column][vc_column width=&#187;1\/2&#8243;]<div class=\"boc_spacing \" style=\"height: 50px\"><\/div><h2 class=\"boc_heading  center  text_35_on_mobile  boc_animate_when_almost_visible boc_top-to-bottom inherit_weight\"  style=\"margin-bottom: 4px;color: #000000;font-size: 40px;\" ><span>Tailored Datacenter Integration<\/span><\/h2><div class=\"boc_spacing \" style=\"height: 20px\"><\/div>[vc_column_text]<\/p>\n<p style=\"text-align: left;\">Mit HANA TDI (Tailored Datacenter Integration) steht Ihnen eine Alternative zur Verwendung von HANA Appliances zur Verf\u00fcgung. Durch die Verwendung zertifizierter Compute und Storage Hardware k\u00f6nnen Sie sich Ihre eigene Datacenter L\u00f6sung bauen. Gerade bei gr\u00f6sseren SAP Systemlandschaften lassen sich so die Betriebskosten drastisch reduzieren. Unter Einbezug von Virtualisierungs-Technologien wie <a href=\"https:\/\/www.vmware.com\/\" target=\"_blank\" rel=\"noopener\">VMware<\/a> ESXi erschaffen Sie sich ihre eigene HANA Cloud.<\/p>\n<p>Zusammen mit uns planen, konzeptionieren und validieren Sie Ihre HANA TDI Umgebung unter Einhaltung s\u00e4mtlicher SAP Vorgaben mit oder ohne Hypervisor-Technologien.[\/vc_column_text][\/vc_column][vc_column]<div  class=\"boc_divider  \"  style=\"margin-top: 20px;margin-bottom: 20px;height: 1px;background: #eeeeee;\"><\/div>[\/vc_column][\/vc_row][vc_row full_width=&#187;stretch_row&#187; parallax=&#187;content-moving&#187; css=&#187;.vc_custom_1556812265819{margin-bottom: 0px !important;}&#187;][vc_column width=&#187;1\/2&#8243; el_class=&#187;center&#187;]<div class=\"boc_spacing \" style=\"height: 50px\"><\/div><h2 class=\"boc_heading  center  text_35_on_mobile  boc_animate_when_almost_visible boc_top-to-bottom inherit_weight\"  style=\"margin-bottom: 4px;color: #000000;font-size: 40px;\" ><span>Datenbank Replikation<\/span><\/h2><div class=\"boc_spacing \" style=\"height: 20px\"><\/div>[vc_column_text]<\/p>\n<p style=\"text-align: left;\">Erh\u00f6hen Sie die Verf\u00fcgbarkeit Ihrer HANA Datenbanken durch die Verwendung von HANA Replikation. Somit sind Sie bei Systemausf\u00e4llen bestens gesch\u00fctzt und k\u00f6nnen im Desaster Fall durch die Eliminierung von Single-Point-of-Failures den Betrieb im Rahmen des Business Continuity Managements sicherstellen.<\/p>\n<p style=\"text-align: left;\">ZeroFault Solutions \u00fcbernimmt f\u00fcr Sie die Konfiguration der Replikation und erstellt auf Wunsch auch gerne Dokumentationen und Wiederanlaufprozeduren.<\/p>\n<p>[\/vc_column_text][\/vc_column][vc_column width=&#187;1\/2&#8243;]<div class=\"boc_spacing \" style=\"height: 20px\"><\/div>[vc_single_image img_size=&#187;boc_medium&#187; alignment=&#187;center&#187; onclick=&#187;zoom&#187; image=&#187;5966&#8243;][\/vc_column][\/vc_row]<\/p>\n","protected":false},"excerpt":{"rendered":"<p>[vc_row full_width=&#187;stretch_row&#187; parallax=&#187;content-moving&#187; parallax_image=&#187;6361&#8243; parallax_speed_bg=&#187;1.4&#8243; bg_type=&#187;image&#187; bg_image_new=&#187;6358&#8243; bg_image_repeat=&#187;no-repeat&#187; bg_image_size=&#187;contain&#187; bg_override=&#187;ex-full&#187; css=&#187;.vc_custom_1558783789452{margin-bottom: 0px !important;padding-top: 120px !important;padding-bottom: 90px !important;}&#187;][vc_column el_class=&#187;center&#187;][\/vc_column][\/vc_row][vc_row full_width=&#187;stretch_row&#187; parallax=&#187;content-moving&#187; css=&#187;.vc_custom_1557815829343{margin-bottom: 0px !important;}&#187;][vc_column width=&#187;1\/2&#8243; el_class=&#187;center&#187;][vc_column_text] Verarbeiten Sie ihre Daten in Echtzeit und seien Sie der Konkurrenz immer einen Schritt voraus &#8211; mit HANA, der neuesten Datenbank Technologie der SAP. Dank der fortschrittlichen und schnellen In-Memory&#8230;<\/p>\n","protected":false},"author":1,"featured_media":0,"parent":0,"menu_order":0,"comment_status":"closed","ping_status":"closed","template":"","meta":{"_monsterinsights_skip_tracking":false,"_monsterinsights_sitenote_active":false,"_monsterinsights_sitenote_note":"","_monsterinsights_sitenote_category":0,"footnotes":""},"class_list":["post-5932","page","type-page","status-publish","hentry"],"yoast_head":"<!-- This site is optimized with the Yoast SEO plugin v27.2 - https:\/\/yoast.com\/product\/yoast-seo-wordpress\/ -->\n<title>SAP HANA In-Memory Platform - ZeroFault Solutions<\/title>\n<meta name=\"description\" content=\"Verarbeiten Sie ihre Daten in Echtzeit und seien Sie der Konkurrenz immer einen Schritt voraus - mit SAP HANA und ZeroFault Solutions.\" \/>\n<meta name=\"robots\" content=\"index, follow, max-snippet:-1, max-image-preview:large, max-video-preview:-1\" \/>\n<link rel=\"canonical\" href=\"https:\/\/zf-solutions.com\/index.php\/sol-hana-plat\/\" \/>\n<meta property=\"og:locale\" content=\"de_DE\" \/>\n<meta property=\"og:type\" content=\"article\" \/>\n<meta property=\"og:title\" content=\"SAP HANA In-Memory Platform - ZeroFault Solutions\" \/>\n<meta property=\"og:description\" content=\"Verarbeiten Sie ihre Daten in Echtzeit und seien Sie der Konkurrenz immer einen Schritt voraus - mit SAP HANA und ZeroFault Solutions.\" \/>\n<meta property=\"og:url\" content=\"https:\/\/zf-solutions.com\/index.php\/sol-hana-plat\/\" \/>\n<meta property=\"og:site_name\" content=\"ZeroFault Solutions\" \/>\n<meta property=\"article:modified_time\" content=\"2021-03-19T12:32:55+00:00\" \/>\n<meta name=\"twitter:card\" content=\"summary_large_image\" \/>\n<meta name=\"twitter:label1\" content=\"Gesch\u00e4tzte Lesezeit\" \/>\n\t<meta name=\"twitter:data1\" content=\"2\u00a0Minuten\" \/>\n<script type=\"application\/ld+json\" class=\"yoast-schema-graph\">{\"@context\":\"https:\/\/schema.org\",\"@graph\":[{\"@type\":\"WebPage\",\"@id\":\"https:\/\/zf-solutions.com\/index.php\/sol-hana-plat\/\",\"url\":\"https:\/\/zf-solutions.com\/index.php\/sol-hana-plat\/\",\"name\":\"SAP HANA In-Memory Platform - ZeroFault Solutions\",\"isPartOf\":{\"@id\":\"https:\/\/zf-solutions.com\/#website\"},\"datePublished\":\"2019-05-04T10:27:47+00:00\",\"dateModified\":\"2021-03-19T12:32:55+00:00\",\"description\":\"Verarbeiten Sie ihre Daten in Echtzeit und seien Sie der Konkurrenz immer einen Schritt voraus - mit SAP HANA und ZeroFault Solutions.\",\"breadcrumb\":{\"@id\":\"https:\/\/zf-solutions.com\/index.php\/sol-hana-plat\/#breadcrumb\"},\"inLanguage\":\"de-CH\",\"potentialAction\":[{\"@type\":\"ReadAction\",\"target\":[\"https:\/\/zf-solutions.com\/index.php\/sol-hana-plat\/\"]}]},{\"@type\":\"BreadcrumbList\",\"@id\":\"https:\/\/zf-solutions.com\/index.php\/sol-hana-plat\/#breadcrumb\",\"itemListElement\":[{\"@type\":\"ListItem\",\"position\":1,\"name\":\"Home\",\"item\":\"https:\/\/zf-solutions.com\/\"},{\"@type\":\"ListItem\",\"position\":2,\"name\":\"SAP HANA Platform\"}]},{\"@type\":\"WebSite\",\"@id\":\"https:\/\/zf-solutions.com\/#website\",\"url\":\"https:\/\/zf-solutions.com\/\",\"name\":\"ZeroFault Solutions\",\"description\":\"SAP Basis | SAP Monitoring | SAP on Azure\",\"publisher\":{\"@id\":\"https:\/\/zf-solutions.com\/#organization\"},\"potentialAction\":[{\"@type\":\"SearchAction\",\"target\":{\"@type\":\"EntryPoint\",\"urlTemplate\":\"https:\/\/zf-solutions.com\/?s={search_term_string}\"},\"query-input\":{\"@type\":\"PropertyValueSpecification\",\"valueRequired\":true,\"valueName\":\"search_term_string\"}}],\"inLanguage\":\"de-CH\"},{\"@type\":\"Organization\",\"@id\":\"https:\/\/zf-solutions.com\/#organization\",\"name\":\"ZeroFault Solutions\",\"url\":\"https:\/\/zf-solutions.com\/\",\"logo\":{\"@type\":\"ImageObject\",\"inLanguage\":\"de-CH\",\"@id\":\"https:\/\/zf-solutions.com\/#\/schema\/logo\/image\/\",\"url\":\"https:\/\/zf-solutions.com\/wp-content\/uploads\/2019\/07\/logo_red_black_teams.png\",\"contentUrl\":\"https:\/\/zf-solutions.com\/wp-content\/uploads\/2019\/07\/logo_red_black_teams.png\",\"width\":516,\"height\":129,\"caption\":\"ZeroFault Solutions\"},\"image\":{\"@id\":\"https:\/\/zf-solutions.com\/#\/schema\/logo\/image\/\"},\"sameAs\":[\"https:\/\/www.linkedin.com\/company\/zerofault-solutions-gmbh\/\"]}]}<\/script>\n<!-- \/ Yoast SEO plugin. -->","yoast_head_json":{"title":"SAP HANA In-Memory Platform - ZeroFault Solutions","description":"Verarbeiten Sie ihre Daten in Echtzeit und seien Sie der Konkurrenz immer einen Schritt voraus - mit SAP HANA und ZeroFault Solutions.","robots":{"index":"index","follow":"follow","max-snippet":"max-snippet:-1","max-image-preview":"max-image-preview:large","max-video-preview":"max-video-preview:-1"},"canonical":"https:\/\/zf-solutions.com\/index.php\/sol-hana-plat\/","og_locale":"de_DE","og_type":"article","og_title":"SAP HANA In-Memory Platform - ZeroFault Solutions","og_description":"Verarbeiten Sie ihre Daten in Echtzeit und seien Sie der Konkurrenz immer einen Schritt voraus - mit SAP HANA und ZeroFault Solutions.","og_url":"https:\/\/zf-solutions.com\/index.php\/sol-hana-plat\/","og_site_name":"ZeroFault Solutions","article_modified_time":"2021-03-19T12:32:55+00:00","twitter_card":"summary_large_image","twitter_misc":{"Gesch\u00e4tzte Lesezeit":"2\u00a0Minuten"},"schema":{"@context":"https:\/\/schema.org","@graph":[{"@type":"WebPage","@id":"https:\/\/zf-solutions.com\/index.php\/sol-hana-plat\/","url":"https:\/\/zf-solutions.com\/index.php\/sol-hana-plat\/","name":"SAP HANA In-Memory Platform - ZeroFault Solutions","isPartOf":{"@id":"https:\/\/zf-solutions.com\/#website"},"datePublished":"2019-05-04T10:27:47+00:00","dateModified":"2021-03-19T12:32:55+00:00","description":"Verarbeiten Sie ihre Daten in Echtzeit und seien Sie der Konkurrenz immer einen Schritt voraus - mit SAP HANA und ZeroFault Solutions.","breadcrumb":{"@id":"https:\/\/zf-solutions.com\/index.php\/sol-hana-plat\/#breadcrumb"},"inLanguage":"de-CH","potentialAction":[{"@type":"ReadAction","target":["https:\/\/zf-solutions.com\/index.php\/sol-hana-plat\/"]}]},{"@type":"BreadcrumbList","@id":"https:\/\/zf-solutions.com\/index.php\/sol-hana-plat\/#breadcrumb","itemListElement":[{"@type":"ListItem","position":1,"name":"Home","item":"https:\/\/zf-solutions.com\/"},{"@type":"ListItem","position":2,"name":"SAP HANA Platform"}]},{"@type":"WebSite","@id":"https:\/\/zf-solutions.com\/#website","url":"https:\/\/zf-solutions.com\/","name":"ZeroFault Solutions","description":"SAP Basis | SAP Monitoring | SAP on Azure","publisher":{"@id":"https:\/\/zf-solutions.com\/#organization"},"potentialAction":[{"@type":"SearchAction","target":{"@type":"EntryPoint","urlTemplate":"https:\/\/zf-solutions.com\/?s={search_term_string}"},"query-input":{"@type":"PropertyValueSpecification","valueRequired":true,"valueName":"search_term_string"}}],"inLanguage":"de-CH"},{"@type":"Organization","@id":"https:\/\/zf-solutions.com\/#organization","name":"ZeroFault Solutions","url":"https:\/\/zf-solutions.com\/","logo":{"@type":"ImageObject","inLanguage":"de-CH","@id":"https:\/\/zf-solutions.com\/#\/schema\/logo\/image\/","url":"https:\/\/zf-solutions.com\/wp-content\/uploads\/2019\/07\/logo_red_black_teams.png","contentUrl":"https:\/\/zf-solutions.com\/wp-content\/uploads\/2019\/07\/logo_red_black_teams.png","width":516,"height":129,"caption":"ZeroFault Solutions"},"image":{"@id":"https:\/\/zf-solutions.com\/#\/schema\/logo\/image\/"},"sameAs":["https:\/\/www.linkedin.com\/company\/zerofault-solutions-gmbh\/"]}]}},"_links":{"self":[{"href":"https:\/\/zf-solutions.com\/index.php\/wp-json\/wp\/v2\/pages\/5932","targetHints":{"allow":["GET"]}}],"collection":[{"href":"https:\/\/zf-solutions.com\/index.php\/wp-json\/wp\/v2\/pages"}],"about":[{"href":"https:\/\/zf-solutions.com\/index.php\/wp-json\/wp\/v2\/types\/page"}],"author":[{"embeddable":true,"href":"https:\/\/zf-solutions.com\/index.php\/wp-json\/wp\/v2\/users\/1"}],"replies":[{"embeddable":true,"href":"https:\/\/zf-solutions.com\/index.php\/wp-json\/wp\/v2\/comments?post=5932"}],"version-history":[{"count":42,"href":"https:\/\/zf-solutions.com\/index.php\/wp-json\/wp\/v2\/pages\/5932\/revisions"}],"predecessor-version":[{"id":6854,"href":"https:\/\/zf-solutions.com\/index.php\/wp-json\/wp\/v2\/pages\/5932\/revisions\/6854"}],"wp:attachment":[{"href":"https:\/\/zf-solutions.com\/index.php\/wp-json\/wp\/v2\/media?parent=5932"}],"curies":[{"name":"wp","href":"https:\/\/api.w.org\/{rel}","templated":true}]}}