{"id":6002,"date":"2019-05-05T08:20:36","date_gmt":"2019-05-05T08:20:36","guid":{"rendered":"https:\/\/zf-solutions.com\/?page_id=6002"},"modified":"2021-03-15T09:33:07","modified_gmt":"2021-03-15T08:33:07","slug":"sol-sap-cloud","status":"publish","type":"page","link":"https:\/\/zf-solutions.com\/index.php\/sol-sap-cloud\/","title":{"rendered":"SAP (Hybrid-) Cloud"},"content":{"rendered":"<p>[vc_row full_width=&#187;stretch_row&#187; parallax=&#187;content-moving&#187; parallax_image=&#187;6368&#8243; css=&#187;.vc_custom_1558788164161{margin-bottom: 0px !important;padding-top: 120px !important;padding-bottom: 90px !important;}&#187;][vc_column el_class=&#187;center&#187;]<div class=\"boc_spacing \" style=\"height: 50px\"><\/div><h2 class=\"boc_heading  center  text_35_on_mobile  boc_animate_when_almost_visible boc_top-to-bottom inherit_weight\"  style=\"margin-bottom: 4px;color: #ffffff;font-size: 40px;\" ><span>SAP <strong>(Hybrid-) Cloud<\/strong><\/span><\/h2><div class=\"boc_spacing \" style=\"height: 50px\"><\/div>[\/vc_column][\/vc_row][vc_row full_width=&#187;stretch_row&#187; parallax=&#187;content-moving&#187; css=&#187;.vc_custom_1556812265819{margin-bottom: 0px !important;}&#187;][vc_column el_class=&#187;center&#187;]<h2 class=\"boc_heading  center  text_35_on_mobile  boc_animate_when_almost_visible boc_top-to-bottom inherit_weight\"  style=\"margin-bottom: 4px;color: #000000;font-size: 40px;\" ><span>Was ist was?<\/span><\/h2><div class=\"boc_spacing \" style=\"height: 20px\"><\/div>[vc_column_text]<\/p>\n<p style=\"text-align: left;\">Als Cloud bezeichnet man in der Informationstechnologie die Bereitstellung von Rechenleistung, Speicherplatz, Software und Dienstleistungen &#8211; in der Regel unter Verwendung von Virtualisierungstechnologien &#8211; sowie optional der Bereitstellung von Portalen zur Verwaltung von Ressourcen. Es wird zwischen folgenden Arten von Cloud Computing unterschieden:<\/p>\n<ul style=\"text-align: left;\">\n<li>Infrastructure-as-a-Service (IaaS)<\/li>\n<li>Platform-as-a-Service (PaaS)<\/li>\n<li>Software-as-a-Service (SaaS)<\/li>\n<\/ul>\n<p style=\"text-align: left;\">Werden die Cloud Ressourcen oder Dienste vom Kunden selbst verwaltet, spricht man von einem sogenannten &#171;Self Service&#187;. \u00dcbernimmt die Verwaltung der Provider, wird dies als &#171;Managed Service&#187; bezeichnet.<\/p>\n<p style=\"text-align: left;\">Hybrid-Cloud erweitert den Begriff der Cloud insofern, dass die Cloud Plattformen verschiedener Anbieter miteinander verbunden werden, um so etwaige technische Vorteile oder unterschiedliche Services nutzen zu k\u00f6nnen.<\/p>\n<p style=\"text-align: left;\">Das Konzept der Hybrid-Cloud schliesst auch die Verwendung der eigenen On-Premise Landschaft mit ein. So k\u00f6nnen Sie Kernkomponenten weiter im eigenen Hosting betreiben und zus\u00e4tzliche Services aus der Cloud beziehen.<\/p>\n<p style=\"text-align: left;\">Bei den Anbietern <a href=\"https:\/\/azure.microsoft.com\/\" target=\"_blank\" rel=\"noopener\">Azure<\/a>, <a href=\"https:\/\/aws.amazon.com\/\" target=\"_blank\" rel=\"noopener\">AWS<\/a> und <a href=\"https:\/\/cloud.google.com\/\" target=\"_blank\" rel=\"noopener\">GCP<\/a> handelt es sich dar\u00fcber hinaus um sogenannte Public Clouds. S\u00e4mtliche Ressourcen befinden sich im Besitz des Anbieters und werden von mehreren Kunden verwendet. Bei Private Clouds im Gegensatz wird dem Kunden dedizierte Hardware (Compute \/ Storage \/ Netzwerk) bereitgestellt. Betreibt der Kunde seine Systeme mit einer Virtualisierungstechnologie, wie z.B. <a href=\"https:\/\/www.vmware.com\/\" target=\"_blank\" rel=\"noopener\">VMware<\/a> ESXi, im eigenen Rechenzentrum, entspricht dies bereits dem Ansatz einer Private Cloud.<\/p>\n<p style=\"text-align: left;\">Zu den grossen internationalen Anbietern gesellen sich viele weitere kleine bis mittelgrosse internationale oder auch nationale Anbieter. Diese bieten oftmals Installations, Migrations- und Supportdienstleistungen f\u00fcr Applikationen wie SAP im Hosting Paket an. In der Public Cloud muss dieser Service separat eingekauft werden.<\/p>\n<p>[\/vc_column_text]<div  class=\"boc_divider  \"  style=\"margin-top: 20px;margin-bottom: 20px;height: 1px;background: #eeeeee;\"><\/div>[\/vc_column][\/vc_row][vc_row full_width=&#187;stretch_row&#187; parallax=&#187;content-moving&#187; css=&#187;.vc_custom_1556814471523{margin-bottom: 0px !important;}&#187;][vc_column width=&#187;1\/2&#8243;]<div class=\"boc_spacing \" style=\"height: 125px\"><\/div><div class=\"img_carousel_holder \">\t<div class=\"img_carousel mfp_gallery\" id=\"img_carousel_2877\" style=\"opacity:0;\"><div class=\"img_carousel_item boc_owl_lazy\">\t<div class=\"pic  img_hover_effect9\">\r\n\t\t\t\t\t\t\t\t<a href=\"https:\/\/cloud.google.com\/sap\/\" class=\" tooltipsy\" original-title=\"GCP\" target=\"_blank\">\r\n\t\t\t\t\t\t\t\t\t<img decoding=\"async\" src=\"https:\/\/zf-solutions.com\/wp-content\/uploads\/2019\/05\/google_cloud_logo-e1557048727868.png\" alt=\"\" \/>\r\n\t\t\t\t\t\t\t\t<\/a>\r\n\t\t\t\t\t\t\t<\/div>\r\n\t\t\t\t\t\t<\/div><div class=\"img_carousel_item boc_owl_lazy\">\t<div class=\"pic  img_hover_effect9\">\r\n\t\t\t\t\t\t\t\t<a href=\"https:\/\/www.sap.com\/germany\/products\/cloud-platform.html\" class=\" tooltipsy\" original-title=\"SAP\" target=\"_blank\">\r\n\t\t\t\t\t\t\t\t\t<img decoding=\"async\" src=\"https:\/\/zf-solutions.com\/wp-content\/uploads\/2019\/05\/sap_logo.png\" alt=\"\" \/>\r\n\t\t\t\t\t\t\t\t<\/a>\r\n\t\t\t\t\t\t\t<\/div>\r\n\t\t\t\t\t\t<\/div><div class=\"img_carousel_item boc_owl_lazy\">\t<div class=\"pic  img_hover_effect9\">\r\n\t\t\t\t\t\t\t\t<a href=\"https:\/\/aws.amazon.com\/de\/sap\/\" class=\" tooltipsy\" original-title=\"AWS\" target=\"_blank\">\r\n\t\t\t\t\t\t\t\t\t<img decoding=\"async\" src=\"https:\/\/zf-solutions.com\/wp-content\/uploads\/2019\/05\/aws_logo.png\" alt=\"\" \/>\r\n\t\t\t\t\t\t\t\t<\/a>\r\n\t\t\t\t\t\t\t<\/div>\r\n\t\t\t\t\t\t<\/div><div class=\"img_carousel_item boc_owl_lazy\">\t<div class=\"pic  img_hover_effect9\">\r\n\t\t\t\t\t\t\t\t<a href=\"https:\/\/azure.microsoft.com\/de-de\/solutions\/sap\/\" class=\" tooltipsy\" original-title=\"Azure\" target=\"_blank\">\r\n\t\t\t\t\t\t\t\t\t<img decoding=\"async\" src=\"https:\/\/zf-solutions.com\/wp-content\/uploads\/2019\/05\/azure_logo.png\" alt=\"\" \/>\r\n\t\t\t\t\t\t\t\t<\/a>\r\n\t\t\t\t\t\t\t<\/div>\r\n\t\t\t\t\t\t<\/div><\/div>\r\n\t\t\t\t <\/div>[\/vc_column][vc_column width=&#187;1\/2&#8243;]<div class=\"boc_spacing \" style=\"height: 50px\"><\/div><h2 class=\"boc_heading  center  text_35_on_mobile  boc_animate_when_almost_visible boc_top-to-bottom inherit_weight\"  style=\"margin-bottom: 4px;color: #000000;font-size: 40px;\" ><span>In der \u00dcbersicht<\/span><\/h2><div class=\"boc_spacing \" style=\"height: 20px\"><\/div>[vc_column_text]<\/p>\n<p style=\"text-align: left;\">Hier finden Sie eine \u00dcbersicht der spannendsten Anbieter f\u00fcr SAP Cloud Dienstleistungen in der Schweiz und international.<\/p>\n<p>Gemessen an Ihren Anforderungen beraten wir Sie gerne, welcher der Anbieter der f\u00fcr Sie passende sein k\u00f6nnte.[\/vc_column_text][\/vc_column][vc_column]<div  class=\"boc_divider  \"  style=\"margin-top: 20px;margin-bottom: 20px;height: 1px;background: #eeeeee;\"><\/div>[\/vc_column][\/vc_row][vc_row full_width=&#187;stretch_row&#187; parallax=&#187;content-moving&#187; css=&#187;.vc_custom_1556814471523{margin-bottom: 0px !important;}&#187;][vc_column width=&#187;1\/2&#8243;]<div class=\"boc_spacing \" style=\"height: 50px\"><\/div><h2 class=\"boc_heading  center  text_35_on_mobile  boc_animate_when_almost_visible boc_top-to-bottom inherit_weight\"  style=\"margin-bottom: 4px;color: #000000;font-size: 40px;\" ><span>Grenzenlos<\/span><\/h2><div class=\"boc_spacing \" style=\"height: 20px\"><\/div>[vc_column_text]Die M\u00f6glichkeiten einer Hybrid-Cloud L\u00f6sung sind beinahe grenzenlos. Dennoch sollten Sie sich \u00fcberlegen, welche Services Sie aus welcher Cloud beziehen m\u00f6chten um nicht im &#171;Datendschungel&#187; verloren zu gehen.[\/vc_column_text][\/vc_column][vc_column width=&#187;1\/2&#8243;]<div class=\"boc_spacing \" style=\"height: 50px\"><\/div>[vc_single_image alignment=&#187;center&#187; onclick=&#187;zoom&#187; image=&#187;6029&#8243;][\/vc_column][vc_column]<div  class=\"boc_divider  \"  style=\"margin-top: 20px;margin-bottom: 20px;height: 1px;background: #eeeeee;\"><\/div>[\/vc_column][\/vc_row][vc_row full_width=&#187;stretch_row&#187; parallax=&#187;content-moving&#187; css=&#187;.vc_custom_1556812265819{margin-bottom: 0px !important;}&#187;][vc_column width=&#187;1\/2&#8243; el_class=&#187;center&#187;]<div class=\"boc_spacing \" style=\"height: 50px\"><\/div><h2 class=\"boc_heading  center  text_35_on_mobile  boc_animate_when_almost_visible boc_top-to-bottom inherit_weight\"  style=\"margin-bottom: 4px;color: #000000;font-size: 40px;\" ><span>Unser Beratungsansatz<\/span><\/h2><div class=\"boc_spacing \" style=\"height: 20px\"><\/div>[vc_column_text]<\/p>\n<p style=\"text-align: left;\">Das Thema &#171;SAP Cloud&#187; geh\u00f6rt aktuell sicherlich zu den spannendsten Themen auf dem Markt. Allerdings erwarten Sie, den Kunden, neue Herausforderungen im Umgang mit Cloud L\u00f6sungen.<\/p>\n<p style=\"text-align: left;\">Sie erhalten ein gigantisches Framework mit unz\u00e4hligen M\u00f6glichkeiten, doch in vielen F\u00e4llen keine fertige L\u00f6sung. Genau hier kommt ZeroFault Solutions ins Spiel.<\/p>\n<p style=\"text-align: left;\">Mit unserem mehrstufigen Beratungskonzept und unseren <a href=\"https:\/\/zf-solutions.com\/index.php\/partner\/\">Partnern<\/a> bringen wir Sie sicher und zuverl\u00e4ssig in die Cloud.<\/p>\n<p>[\/vc_column_text][\/vc_column][vc_column width=&#187;1\/2&#8243; css=&#187;.vc_custom_1557056040940{padding-left: 75px !important;}&#187;]<div class=\"boc_spacing \" style=\"height: 50px\"><\/div><div class=\"content_slides content_slides_arrowed arrows_pos_Outside \" id=\"content_slides_2010\"><div class=\"content_slide_item  boc_owl_lazy\"><h2 class=\"boc_heading  al_left   inherit_weight\"  style=\"color: #333;\" ><span>1. <strong>Vorstellung &#171;Journey to the Cloud&#187;<\/strong><\/span><\/h2><div class=\"boc_spacing \" style=\"height: 20px\"><\/div>[vc_column_text]Wir verschaffen Ihnen einen <strong>kostenlosen<\/strong> \u00dcberblick \u00fcber Ihre Reise in die Cloud:<\/p>\n<ul>\n<li>Welche Herausforderungen erwarten Sie in der Cloud?<\/li>\n<li>Welche SAP spezifischen Features gibt es?<\/li>\n<li>Wie gehen Sie mit Backup und Monitoring um?<\/li>\n<li>Welche Entscheidungskriterien sollten Sie f\u00fcr die Cloud ihrer Wahl einbeziehen?<\/li>\n<li>Wie kann Sie ZeroFault Solutions unterst\u00fctzen?<\/li>\n<\/ul>\n<p>[\/vc_column_text]<\/div><div class=\"content_slide_item  boc_owl_lazy\"><h2 class=\"boc_heading  al_left   inherit_weight\"  style=\"color: #333;\" ><span>2. <strong>Solution Design<\/strong><\/span><\/h2><div class=\"boc_spacing \" style=\"height: 20px\"><\/div>[vc_column_text]Wir gestalten die L\u00f6sung auf der Cloud ihrer Wahl:<\/p>\n<ul>\n<li>Pr\u00fcfung der Anforderungen in Bezug auf den bevorzugten Cloud Anbieter<\/li>\n<li>Solution Design inkl. empfohlener Netzwerkzonen unter Einbeziehung der von Ihnen ben\u00f6tigten Verf\u00fcgbarkeiten und Desaster Toleranz<\/li>\n<li>Sizing und Kalkulation<\/li>\n<li>Erstellung von Betriebskonzepten f\u00fcr SAP Systeme und Datenbanken inklusive Backup und Monitoring<\/li>\n<li>Durchf\u00fchrung von Proof of Concepts<\/li>\n<\/ul>\n<p>[\/vc_column_text]<\/div><div class=\"content_slide_item  boc_owl_lazy\"><h2 class=\"boc_heading  al_left   inherit_weight\"  style=\"color: #333;\" ><span>3. <strong>Installation &amp; Migration<\/strong><\/span><\/h2><div class=\"boc_spacing \" style=\"height: 20px\"><\/div>[vc_column_text]Nach Abnahme des Solutions Designs unterst\u00fctzen wir Sie bei der Installation und Migration von SAP Systemen und Datenbanken:<\/p>\n<ul>\n<li>Installation &amp; Migration von SAP Systemen unter Einhaltung s\u00e4mtlicher SAP Vorgaben sowie h\u00f6chster Qualit\u00e4tsstandards<\/li>\n<li>Konfiguration &amp; Pr\u00fcfung der Backup- und Restore Funktionalit\u00e4ten<\/li>\n<li>Erstellung von Betriebshandb\u00fcchern<\/li>\n<li>Anbindung von SAP Systemen und Datenbanken an den SAP Solution Manager<\/li>\n<\/ul>\n<p>[\/vc_column_text]<\/div><div class=\"content_slide_item  boc_owl_lazy\"><h2 class=\"boc_heading  al_left   inherit_weight\"  style=\"color: #333;\" ><span>4. <strong>Betrieb<\/strong><\/span><\/h2><div class=\"boc_spacing \" style=\"height: 20px\"><\/div>[vc_column_text]Nachdem die Systeme installiert oder migriert wurden, \u00fcbernehmen wir f\u00fcr Sie gerne den Betrieb bei Ihnen vor Ort oder im Rahmen von Outtasking Services mit definierten Service Level Agreements:<\/p>\n<ul>\n<li>Betrieb der SAP Systeme und Datenbanken durch zertifizierte SAP\u00a0 Berater<\/li>\n<li>Vertraglich definierte Reaktions- und L\u00f6sungszeiten f\u00fcr St\u00f6rungen auf System- oder Datenbankebene<\/li>\n<li>Vertraglich definierte Verf\u00fcgbarkeiten<\/li>\n<li>Service Management &amp; Service Meetings<\/li>\n<li>Transparente Kostenstruktur<\/li>\n<\/ul>\n<p>[\/vc_column_text]<\/div><\/div>[\/vc_column][\/vc_row]<\/p>\n","protected":false},"excerpt":{"rendered":"<p>[vc_row full_width=&#187;stretch_row&#187; parallax=&#187;content-moving&#187; parallax_image=&#187;6368&#8243; css=&#187;.vc_custom_1558788164161{margin-bottom: 0px !important;padding-top: 120px !important;padding-bottom: 90px !important;}&#187;][vc_column el_class=&#187;center&#187;][\/vc_column][\/vc_row][vc_row full_width=&#187;stretch_row&#187; parallax=&#187;content-moving&#187; css=&#187;.vc_custom_1556812265819{margin-bottom: 0px !important;}&#187;][vc_column el_class=&#187;center&#187;][vc_column_text] Als Cloud bezeichnet man in der Informationstechnologie die Bereitstellung von Rechenleistung, Speicherplatz, Software und Dienstleistungen &#8211; in der Regel unter Verwendung von Virtualisierungstechnologien &#8211; sowie optional der Bereitstellung von Portalen zur Verwaltung von Ressourcen. Es wird zwischen&#8230;<\/p>\n","protected":false},"author":1,"featured_media":0,"parent":0,"menu_order":0,"comment_status":"closed","ping_status":"closed","template":"","meta":{"_monsterinsights_skip_tracking":false,"_monsterinsights_sitenote_active":false,"_monsterinsights_sitenote_note":"","_monsterinsights_sitenote_category":0,"footnotes":""},"class_list":["post-6002","page","type-page","status-publish","hentry"],"yoast_head":"<!-- This site is optimized with the Yoast SEO plugin v27.2 - https:\/\/yoast.com\/product\/yoast-seo-wordpress\/ -->\n<title>SAP (Hybrid-) Cloud - Beratung, Migration &amp; Betrieb - ZeroFault Solutions<\/title>\n<meta name=\"description\" content=\"Cloud oder On-Premise? Unsere professionelle SAP (Hybrid-) Cloud Beratung unterst\u00fctzt Sie bei komplexen Fragenstellungen.\" \/>\n<meta name=\"robots\" content=\"index, follow, max-snippet:-1, max-image-preview:large, max-video-preview:-1\" \/>\n<link rel=\"canonical\" href=\"https:\/\/zf-solutions.com\/index.php\/sol-sap-cloud\/\" \/>\n<meta property=\"og:locale\" content=\"de_DE\" \/>\n<meta property=\"og:type\" content=\"article\" \/>\n<meta property=\"og:title\" content=\"SAP (Hybrid-) Cloud - Beratung, Migration &amp; Betrieb - ZeroFault Solutions\" \/>\n<meta property=\"og:description\" content=\"Cloud oder On-Premise? Unsere professionelle SAP (Hybrid-) Cloud Beratung unterst\u00fctzt Sie bei komplexen Fragenstellungen.\" \/>\n<meta property=\"og:url\" content=\"https:\/\/zf-solutions.com\/index.php\/sol-sap-cloud\/\" \/>\n<meta property=\"og:site_name\" content=\"ZeroFault Solutions\" \/>\n<meta property=\"article:modified_time\" content=\"2021-03-15T08:33:07+00:00\" \/>\n<meta name=\"twitter:card\" content=\"summary_large_image\" \/>\n<meta name=\"twitter:label1\" content=\"Gesch\u00e4tzte Lesezeit\" \/>\n\t<meta name=\"twitter:data1\" content=\"4\u00a0Minuten\" \/>\n<script type=\"application\/ld+json\" class=\"yoast-schema-graph\">{\"@context\":\"https:\/\/schema.org\",\"@graph\":[{\"@type\":\"WebPage\",\"@id\":\"https:\/\/zf-solutions.com\/index.php\/sol-sap-cloud\/\",\"url\":\"https:\/\/zf-solutions.com\/index.php\/sol-sap-cloud\/\",\"name\":\"SAP (Hybrid-) Cloud - Beratung, Migration & Betrieb - ZeroFault Solutions\",\"isPartOf\":{\"@id\":\"https:\/\/zf-solutions.com\/#website\"},\"datePublished\":\"2019-05-05T08:20:36+00:00\",\"dateModified\":\"2021-03-15T08:33:07+00:00\",\"description\":\"Cloud oder On-Premise? Unsere professionelle SAP (Hybrid-) Cloud Beratung unterst\u00fctzt Sie bei komplexen Fragenstellungen.\",\"breadcrumb\":{\"@id\":\"https:\/\/zf-solutions.com\/index.php\/sol-sap-cloud\/#breadcrumb\"},\"inLanguage\":\"de-CH\",\"potentialAction\":[{\"@type\":\"ReadAction\",\"target\":[\"https:\/\/zf-solutions.com\/index.php\/sol-sap-cloud\/\"]}]},{\"@type\":\"BreadcrumbList\",\"@id\":\"https:\/\/zf-solutions.com\/index.php\/sol-sap-cloud\/#breadcrumb\",\"itemListElement\":[{\"@type\":\"ListItem\",\"position\":1,\"name\":\"Home\",\"item\":\"https:\/\/zf-solutions.com\/\"},{\"@type\":\"ListItem\",\"position\":2,\"name\":\"SAP (Hybrid-) Cloud\"}]},{\"@type\":\"WebSite\",\"@id\":\"https:\/\/zf-solutions.com\/#website\",\"url\":\"https:\/\/zf-solutions.com\/\",\"name\":\"ZeroFault Solutions\",\"description\":\"SAP Basis | SAP Monitoring | SAP on Azure\",\"publisher\":{\"@id\":\"https:\/\/zf-solutions.com\/#organization\"},\"potentialAction\":[{\"@type\":\"SearchAction\",\"target\":{\"@type\":\"EntryPoint\",\"urlTemplate\":\"https:\/\/zf-solutions.com\/?s={search_term_string}\"},\"query-input\":{\"@type\":\"PropertyValueSpecification\",\"valueRequired\":true,\"valueName\":\"search_term_string\"}}],\"inLanguage\":\"de-CH\"},{\"@type\":\"Organization\",\"@id\":\"https:\/\/zf-solutions.com\/#organization\",\"name\":\"ZeroFault Solutions\",\"url\":\"https:\/\/zf-solutions.com\/\",\"logo\":{\"@type\":\"ImageObject\",\"inLanguage\":\"de-CH\",\"@id\":\"https:\/\/zf-solutions.com\/#\/schema\/logo\/image\/\",\"url\":\"https:\/\/zf-solutions.com\/wp-content\/uploads\/2019\/07\/logo_red_black_teams.png\",\"contentUrl\":\"https:\/\/zf-solutions.com\/wp-content\/uploads\/2019\/07\/logo_red_black_teams.png\",\"width\":516,\"height\":129,\"caption\":\"ZeroFault Solutions\"},\"image\":{\"@id\":\"https:\/\/zf-solutions.com\/#\/schema\/logo\/image\/\"},\"sameAs\":[\"https:\/\/www.linkedin.com\/company\/zerofault-solutions-gmbh\/\"]}]}<\/script>\n<!-- \/ Yoast SEO plugin. -->","yoast_head_json":{"title":"SAP (Hybrid-) Cloud - Beratung, Migration & Betrieb - ZeroFault Solutions","description":"Cloud oder On-Premise? Unsere professionelle SAP (Hybrid-) Cloud Beratung unterst\u00fctzt Sie bei komplexen Fragenstellungen.","robots":{"index":"index","follow":"follow","max-snippet":"max-snippet:-1","max-image-preview":"max-image-preview:large","max-video-preview":"max-video-preview:-1"},"canonical":"https:\/\/zf-solutions.com\/index.php\/sol-sap-cloud\/","og_locale":"de_DE","og_type":"article","og_title":"SAP (Hybrid-) Cloud - Beratung, Migration & Betrieb - ZeroFault Solutions","og_description":"Cloud oder On-Premise? Unsere professionelle SAP (Hybrid-) Cloud Beratung unterst\u00fctzt Sie bei komplexen Fragenstellungen.","og_url":"https:\/\/zf-solutions.com\/index.php\/sol-sap-cloud\/","og_site_name":"ZeroFault Solutions","article_modified_time":"2021-03-15T08:33:07+00:00","twitter_card":"summary_large_image","twitter_misc":{"Gesch\u00e4tzte Lesezeit":"4\u00a0Minuten"},"schema":{"@context":"https:\/\/schema.org","@graph":[{"@type":"WebPage","@id":"https:\/\/zf-solutions.com\/index.php\/sol-sap-cloud\/","url":"https:\/\/zf-solutions.com\/index.php\/sol-sap-cloud\/","name":"SAP (Hybrid-) Cloud - Beratung, Migration & Betrieb - ZeroFault Solutions","isPartOf":{"@id":"https:\/\/zf-solutions.com\/#website"},"datePublished":"2019-05-05T08:20:36+00:00","dateModified":"2021-03-15T08:33:07+00:00","description":"Cloud oder On-Premise? Unsere professionelle SAP (Hybrid-) Cloud Beratung unterst\u00fctzt Sie bei komplexen Fragenstellungen.","breadcrumb":{"@id":"https:\/\/zf-solutions.com\/index.php\/sol-sap-cloud\/#breadcrumb"},"inLanguage":"de-CH","potentialAction":[{"@type":"ReadAction","target":["https:\/\/zf-solutions.com\/index.php\/sol-sap-cloud\/"]}]},{"@type":"BreadcrumbList","@id":"https:\/\/zf-solutions.com\/index.php\/sol-sap-cloud\/#breadcrumb","itemListElement":[{"@type":"ListItem","position":1,"name":"Home","item":"https:\/\/zf-solutions.com\/"},{"@type":"ListItem","position":2,"name":"SAP (Hybrid-) Cloud"}]},{"@type":"WebSite","@id":"https:\/\/zf-solutions.com\/#website","url":"https:\/\/zf-solutions.com\/","name":"ZeroFault Solutions","description":"SAP Basis | SAP Monitoring | SAP on Azure","publisher":{"@id":"https:\/\/zf-solutions.com\/#organization"},"potentialAction":[{"@type":"SearchAction","target":{"@type":"EntryPoint","urlTemplate":"https:\/\/zf-solutions.com\/?s={search_term_string}"},"query-input":{"@type":"PropertyValueSpecification","valueRequired":true,"valueName":"search_term_string"}}],"inLanguage":"de-CH"},{"@type":"Organization","@id":"https:\/\/zf-solutions.com\/#organization","name":"ZeroFault Solutions","url":"https:\/\/zf-solutions.com\/","logo":{"@type":"ImageObject","inLanguage":"de-CH","@id":"https:\/\/zf-solutions.com\/#\/schema\/logo\/image\/","url":"https:\/\/zf-solutions.com\/wp-content\/uploads\/2019\/07\/logo_red_black_teams.png","contentUrl":"https:\/\/zf-solutions.com\/wp-content\/uploads\/2019\/07\/logo_red_black_teams.png","width":516,"height":129,"caption":"ZeroFault Solutions"},"image":{"@id":"https:\/\/zf-solutions.com\/#\/schema\/logo\/image\/"},"sameAs":["https:\/\/www.linkedin.com\/company\/zerofault-solutions-gmbh\/"]}]}},"_links":{"self":[{"href":"https:\/\/zf-solutions.com\/index.php\/wp-json\/wp\/v2\/pages\/6002","targetHints":{"allow":["GET"]}}],"collection":[{"href":"https:\/\/zf-solutions.com\/index.php\/wp-json\/wp\/v2\/pages"}],"about":[{"href":"https:\/\/zf-solutions.com\/index.php\/wp-json\/wp\/v2\/types\/page"}],"author":[{"embeddable":true,"href":"https:\/\/zf-solutions.com\/index.php\/wp-json\/wp\/v2\/users\/1"}],"replies":[{"embeddable":true,"href":"https:\/\/zf-solutions.com\/index.php\/wp-json\/wp\/v2\/comments?post=6002"}],"version-history":[{"count":38,"href":"https:\/\/zf-solutions.com\/index.php\/wp-json\/wp\/v2\/pages\/6002\/revisions"}],"predecessor-version":[{"id":6838,"href":"https:\/\/zf-solutions.com\/index.php\/wp-json\/wp\/v2\/pages\/6002\/revisions\/6838"}],"wp:attachment":[{"href":"https:\/\/zf-solutions.com\/index.php\/wp-json\/wp\/v2\/media?parent=6002"}],"curies":[{"name":"wp","href":"https:\/\/api.w.org\/{rel}","templated":true}]}}